{"id":13570,"date":"2015-11-24T15:24:04","date_gmt":"2015-11-24T14:24:04","guid":{"rendered":"http:\/\/5f4d516792.url-de-test.ws\/?page_id=13570"},"modified":"2016-11-08T10:12:40","modified_gmt":"2016-11-08T09:12:40","slug":"conferences","status":"publish","type":"page","link":"https:\/\/rh.by.storhaye.com\/?page_id=13570","title":{"rendered":"Conf\u00e9rences"},"content":{"rendered":"<div class=\"fusion-fullwidth fullwidth-box fusion-builder-row-1 nonhundred-percent-fullwidth non-hundred-percent-height-scrolling\" style=\"--awb-background-position:left top;--awb-border-radius-top-left:0px;--awb-border-radius-top-right:0px;--awb-border-radius-bottom-right:0px;--awb-border-radius-bottom-left:0px;--awb-padding-top:20px;--awb-padding-bottom:20px;--awb-border-sizes-top:0px;--awb-border-sizes-bottom:0px;--awb-flex-wrap:wrap;\" ><div class=\"fusion-builder-row fusion-row\"><div class=\"fusion-layout-column fusion_builder_column fusion-builder-column-0 fusion_builder_column_1_1 1_1 fusion-one-full fusion-column-first fusion-column-last fusion-column-no-min-height\" style=\"--awb-bg-size:cover;--awb-margin-bottom:0px;\"><div class=\"fusion-column-wrapper fusion-flex-column-wrapper-legacy\"><div class=\"fusion-blog-shortcode fusion-blog-shortcode-1 fusion-blog-archive fusion-blog-layout-timeline-wrapper fusion-blog-infinite fusion-blog-no-images\"><div class=\"fusion-posts-container fusion-posts-container-infinite\" data-pages=\"13\"><div class=\"fusion-timeline-icon\"><i class=\"awb-icon-bubbles\" style=\"color:#ebeaea;\" aria-hidden=\"true\"><\/i><\/div><div class=\"fusion-blog-layout-timeline fusion-clearfix\"><div class=\"fusion-timeline-line\" style=\"border-left:1px solid #ebeaea;border-right:1px solid #ebeaea;\"><\/div><h3 class=\"fusion-timeline-date\" style=\"background-color:#ebeaea;\">novembre 2022<\/h3><div class=\"fusion-collapse-month\"><article id=\"blog-1-post-15430\" style=\"border-color:#ebeaea;\" class=\"fusion-post-timeline fusion-clearfix fusion-left-column post-15430 post type-post status-publish format-standard hentry category-conf\">\n<div class=\"fusion-post-wrapper\" style=\"background-color:rgba(255,255,255,0);\"><div class=\"fusion-post-content-wrapper\" style=\"padding:30px 25px 20px 25px;\"><div class=\"fusion-post-content post-content\"><div class=\"fusion-timeline-circle\" style=\"background-color:#ebeaea;\"><\/div><div class=\"fusion-timeline-arrow\" style=\"color:#ebeaea;\"><\/div><h2 class=\"blog-shortcode-post-title entry-title\">Sans un SIRH de qualit\u00e9, difficile de parler de gestion strat\u00e9gique des RH<\/h2><p class=\"fusion-single-line-meta\"><span class=\"vcard\" style=\"display: none;\"><span class=\"fn\"><a href=\"https:\/\/rh.by.storhaye.com\/?author=1\" title=\"Articles par patrick\" rel=\"author\">patrick<\/a><\/span><\/span><span class=\"updated\" style=\"display:none;\">2022-11-21T14:33:51+01:00<\/span><span>novembre 22nd, 2022<\/span><span class=\"fusion-inline-sep\">|<\/span><\/p><div class=\"fusion-content-sep sep-double sep-solid\"><\/div><div class=\"fusion-post-content-container\"><p>Webinaire MyRHLine pour Horoquartz<\/p>\n<\/div><\/div><\/div><div class=\"fusion-clearfix\"><\/div><\/div>\n<\/article>\n<\/div><h3 class=\"fusion-timeline-date\" style=\"background-color:#ebeaea;\">avril 2022<\/h3><div class=\"fusion-collapse-month\"><article id=\"blog-1-post-15428\" style=\"border-color:#ebeaea;\" class=\"fusion-post-timeline fusion-clearfix fusion-right-column post-15428 post type-post status-publish format-standard hentry category-conf\">\n<div class=\"fusion-post-wrapper\" style=\"background-color:rgba(255,255,255,0);\"><div class=\"fusion-post-content-wrapper\" style=\"padding:30px 25px 20px 25px;\"><div class=\"fusion-post-content post-content\"><div class=\"fusion-timeline-circle\" style=\"background-color:#ebeaea;\"><\/div><div class=\"fusion-timeline-arrow\" style=\"color:#ebeaea;\"><\/div><h2 class=\"blog-shortcode-post-title entry-title\">SIRH : levier ou frein pour le management interm\u00e9diaire ?<\/h2><p class=\"fusion-single-line-meta\"><span class=\"vcard\" style=\"display: none;\"><span class=\"fn\"><a href=\"https:\/\/rh.by.storhaye.com\/?author=1\" title=\"Articles par patrick\" rel=\"author\">patrick<\/a><\/span><\/span><span class=\"updated\" style=\"display:none;\">2022-11-21T14:30:51+01:00<\/span><span>avril 19th, 2022<\/span><span class=\"fusion-inline-sep\">|<\/span><\/p><div class=\"fusion-content-sep sep-double sep-solid\"><\/div><div class=\"fusion-post-content-container\"><p>Conf\u00e9rence \u00e0 distance pour Temps d\u2019Avance<\/p>\n<\/div><\/div><\/div><div class=\"fusion-clearfix\"><\/div><\/div>\n<\/article>\n<\/div><h3 class=\"fusion-timeline-date\" style=\"background-color:#ebeaea;\">mars 2022<\/h3><div class=\"fusion-collapse-month\"><article id=\"blog-1-post-15426\" style=\"border-color:#ebeaea;\" class=\"fusion-post-timeline fusion-clearfix fusion-left-column post-15426 post type-post status-publish format-standard hentry category-conf\">\n<div class=\"fusion-post-wrapper\" style=\"background-color:rgba(255,255,255,0);\"><div class=\"fusion-post-content-wrapper\" style=\"padding:30px 25px 20px 25px;\"><div class=\"fusion-post-content post-content\"><div class=\"fusion-timeline-circle\" style=\"background-color:#ebeaea;\"><\/div><div class=\"fusion-timeline-arrow\" style=\"color:#ebeaea;\"><\/div><h2 class=\"blog-shortcode-post-title entry-title\">Solutions RH<\/h2><p class=\"fusion-single-line-meta\"><span class=\"vcard\" style=\"display: none;\"><span class=\"fn\"><a href=\"https:\/\/rh.by.storhaye.com\/?author=1\" title=\"Articles par patrick\" rel=\"author\">patrick<\/a><\/span><\/span><span class=\"updated\" style=\"display:none;\">2022-11-21T14:28:37+01:00<\/span><span>mars 22nd, 2022<\/span><span class=\"fusion-inline-sep\">|<\/span><\/p><div class=\"fusion-content-sep sep-double sep-solid\"><\/div><div class=\"fusion-post-content-container\"><p>Conf\u00e9rence pl\u00e9ni\u00e8re d\u2019ouverture du salon Solutions RH 2022<\/p>\n<\/div><\/div><\/div><div class=\"fusion-clearfix\"><\/div><\/div>\n<\/article>\n<\/div><h3 class=\"fusion-timeline-date\" style=\"background-color:#ebeaea;\">novembre 2021<\/h3><div class=\"fusion-collapse-month\"><article id=\"blog-1-post-15424\" style=\"border-color:#ebeaea;\" class=\"fusion-post-timeline fusion-clearfix fusion-right-column post-15424 post type-post status-publish format-standard hentry category-conf\">\n<div class=\"fusion-post-wrapper\" style=\"background-color:rgba(255,255,255,0);\"><div class=\"fusion-post-content-wrapper\" style=\"padding:30px 25px 20px 25px;\"><div class=\"fusion-post-content post-content\"><div class=\"fusion-timeline-circle\" style=\"background-color:#ebeaea;\"><\/div><div class=\"fusion-timeline-arrow\" style=\"color:#ebeaea;\"><\/div><h2 class=\"blog-shortcode-post-title entry-title\">Des RH qui entreprennent pour demain<\/h2><p class=\"fusion-single-line-meta\"><span class=\"vcard\" style=\"display: none;\"><span class=\"fn\"><a href=\"https:\/\/rh.by.storhaye.com\/?author=1\" title=\"Articles par patrick\" rel=\"author\">patrick<\/a><\/span><\/span><span class=\"updated\" style=\"display:none;\">2022-11-21T14:25:45+01:00<\/span><span>novembre 22nd, 2021<\/span><span class=\"fusion-inline-sep\">|<\/span><\/p><div class=\"fusion-content-sep sep-double sep-solid\"><\/div><div class=\"fusion-post-content-container\"><p>Webconf\u00e9rence MyRHLine pour horoquartz<\/p>\n<\/div><\/div><\/div><div class=\"fusion-clearfix\"><\/div><\/div>\n<\/article>\n<\/div><h3 class=\"fusion-timeline-date\" style=\"background-color:#ebeaea;\">septembre 2021<\/h3><div class=\"fusion-collapse-month\"><article id=\"blog-1-post-15420\" style=\"border-color:#ebeaea;\" class=\"fusion-post-timeline fusion-clearfix fusion-left-column post-15420 post type-post status-publish format-standard hentry category-conf\">\n<div class=\"fusion-post-wrapper\" style=\"background-color:rgba(255,255,255,0);\"><div class=\"fusion-post-content-wrapper\" style=\"padding:30px 25px 20px 25px;\"><div class=\"fusion-post-content post-content\"><div class=\"fusion-timeline-circle\" style=\"background-color:#ebeaea;\"><\/div><div class=\"fusion-timeline-arrow\" style=\"color:#ebeaea;\"><\/div><h2 class=\"blog-shortcode-post-title entry-title\">Les enseignements de la crise Covid<\/h2><p class=\"fusion-single-line-meta\"><span class=\"vcard\" style=\"display: none;\"><span class=\"fn\"><a href=\"https:\/\/rh.by.storhaye.com\/?author=1\" title=\"Articles par patrick\" rel=\"author\">patrick<\/a><\/span><\/span><span class=\"updated\" style=\"display:none;\">2022-11-21T14:22:06+01:00<\/span><span>septembre 23rd, 2021<\/span><span class=\"fusion-inline-sep\">|<\/span><\/p><div class=\"fusion-content-sep sep-double sep-solid\"><\/div><div class=\"fusion-post-content-container\"><p>Conf\u00e9rence pour les 50 ans d\u2019Horoquartz \u00e0 Dijon<\/p>\n<\/div><\/div><\/div><div class=\"fusion-clearfix\"><\/div><\/div>\n<\/article>\n<article id=\"blog-1-post-15422\" style=\"border-color:#ebeaea;\" class=\"fusion-post-timeline fusion-clearfix fusion-right-column post-15422 post type-post status-publish format-standard hentry category-conf\">\n<div class=\"fusion-post-wrapper\" style=\"background-color:rgba(255,255,255,0);\"><div class=\"fusion-post-content-wrapper\" style=\"padding:30px 25px 20px 25px;\"><div class=\"fusion-post-content post-content\"><div class=\"fusion-timeline-circle\" style=\"background-color:#ebeaea;\"><\/div><div class=\"fusion-timeline-arrow\" style=\"color:#ebeaea;\"><\/div><h2 class=\"blog-shortcode-post-title entry-title\">Les enseignements de la crise Covid<\/h2><p class=\"fusion-single-line-meta\"><span class=\"vcard\" style=\"display: none;\"><span class=\"fn\"><a href=\"https:\/\/rh.by.storhaye.com\/?author=1\" title=\"Articles par patrick\" rel=\"author\">patrick<\/a><\/span><\/span><span class=\"updated\" style=\"display:none;\">2022-11-21T14:23:28+01:00<\/span><span>septembre 21st, 2021<\/span><span class=\"fusion-inline-sep\">|<\/span><\/p><div class=\"fusion-content-sep sep-double sep-solid\"><\/div><div class=\"fusion-post-content-container\"><p>Conf\u00e9rence pour les 50 ans d\u2019Horoquartz \u00e0 Lille<\/p>\n<\/div><\/div><\/div><div class=\"fusion-clearfix\"><\/div><\/div>\n<\/article>\n<article id=\"blog-1-post-15418\" style=\"border-color:#ebeaea;\" class=\"fusion-post-timeline fusion-clearfix fusion-left-column post-15418 post type-post status-publish format-standard hentry category-conf\">\n<div class=\"fusion-post-wrapper\" style=\"background-color:rgba(255,255,255,0);\"><div class=\"fusion-post-content-wrapper\" style=\"padding:30px 25px 20px 25px;\"><div class=\"fusion-post-content post-content\"><div class=\"fusion-timeline-circle\" style=\"background-color:#ebeaea;\"><\/div><div class=\"fusion-timeline-arrow\" style=\"color:#ebeaea;\"><\/div><h2 class=\"blog-shortcode-post-title entry-title\">Les enseignements de la crise Covid<\/h2><p class=\"fusion-single-line-meta\"><span class=\"vcard\" style=\"display: none;\"><span class=\"fn\"><a href=\"https:\/\/rh.by.storhaye.com\/?author=1\" title=\"Articles par patrick\" rel=\"author\">patrick<\/a><\/span><\/span><span class=\"updated\" style=\"display:none;\">2022-11-21T14:21:28+01:00<\/span><span>septembre 16th, 2021<\/span><span class=\"fusion-inline-sep\">|<\/span><\/p><div class=\"fusion-content-sep sep-double sep-solid\"><\/div><div class=\"fusion-post-content-container\"><p>Conf\u00e9rence pour les 50 ans d\u2019Horoquartz \u00e0 Nancy<\/p>\n<\/div><\/div><\/div><div class=\"fusion-clearfix\"><\/div><\/div>\n<\/article>\n<\/div><h3 class=\"fusion-timeline-date\" style=\"background-color:#ebeaea;\">juin 2021<\/h3><div class=\"fusion-collapse-month\"><article id=\"blog-1-post-15416\" style=\"border-color:#ebeaea;\" class=\"fusion-post-timeline fusion-clearfix fusion-right-column post-15416 post type-post status-publish format-standard hentry category-conf\">\n<div class=\"fusion-post-wrapper\" style=\"background-color:rgba(255,255,255,0);\"><div class=\"fusion-post-content-wrapper\" style=\"padding:30px 25px 20px 25px;\"><div class=\"fusion-post-content post-content\"><div class=\"fusion-timeline-circle\" style=\"background-color:#ebeaea;\"><\/div><div class=\"fusion-timeline-arrow\" style=\"color:#ebeaea;\"><\/div><h2 class=\"blog-shortcode-post-title entry-title\">Les enseignements de la crise Covid<\/h2><p class=\"fusion-single-line-meta\"><span class=\"vcard\" style=\"display: none;\"><span class=\"fn\"><a href=\"https:\/\/rh.by.storhaye.com\/?author=1\" title=\"Articles par patrick\" rel=\"author\">patrick<\/a><\/span><\/span><span class=\"updated\" style=\"display:none;\">2022-11-21T14:19:41+01:00<\/span><span>juin 29th, 2021<\/span><span class=\"fusion-inline-sep\">|<\/span><\/p><div class=\"fusion-content-sep sep-double sep-solid\"><\/div><div class=\"fusion-post-content-container\"><p>Conf\u00e9rence pour les 50 ans d\u2019Horoquartz \u00e0 Nantes<\/p>\n<\/div><\/div><\/div><div class=\"fusion-clearfix\"><\/div><\/div>\n<\/article>\n<article id=\"blog-1-post-15414\" style=\"border-color:#ebeaea;\" class=\"fusion-post-timeline fusion-clearfix fusion-left-column post-15414 post type-post status-publish format-standard hentry category-conf\">\n<div class=\"fusion-post-wrapper\" style=\"background-color:rgba(255,255,255,0);\"><div class=\"fusion-post-content-wrapper\" style=\"padding:30px 25px 20px 25px;\"><div class=\"fusion-post-content post-content\"><div class=\"fusion-timeline-circle\" style=\"background-color:#ebeaea;\"><\/div><div class=\"fusion-timeline-arrow\" style=\"color:#ebeaea;\"><\/div><h2 class=\"blog-shortcode-post-title entry-title\">Les enseignements de la crise Covid<\/h2><p class=\"fusion-single-line-meta\"><span class=\"vcard\" style=\"display: none;\"><span class=\"fn\"><a href=\"https:\/\/rh.by.storhaye.com\/?author=1\" title=\"Articles par patrick\" rel=\"author\">patrick<\/a><\/span><\/span><span class=\"updated\" style=\"display:none;\">2022-11-21T14:18:46+01:00<\/span><span>juin 24th, 2021<\/span><span class=\"fusion-inline-sep\">|<\/span><\/p><div class=\"fusion-content-sep sep-double sep-solid\"><\/div><div class=\"fusion-post-content-container\"><p>Conf\u00e9rence pour les 50 ans d\u2019Horoquartz \u00e0 Paris<\/p>\n<\/div><\/div><\/div><div class=\"fusion-clearfix\"><\/div><\/div>\n<\/article>\n<article id=\"blog-1-post-15412\" style=\"border-color:#ebeaea;\" class=\"fusion-post-timeline fusion-clearfix fusion-right-column post-15412 post type-post status-publish format-standard hentry category-conf\">\n<div class=\"fusion-post-wrapper\" style=\"background-color:rgba(255,255,255,0);\"><div class=\"fusion-post-content-wrapper\" style=\"padding:30px 25px 20px 25px;\"><div class=\"fusion-post-content post-content\"><div class=\"fusion-timeline-circle\" style=\"background-color:#ebeaea;\"><\/div><div class=\"fusion-timeline-arrow\" style=\"color:#ebeaea;\"><\/div><h2 class=\"blog-shortcode-post-title entry-title\">Les enseignements de la crise Covid<\/h2><p class=\"fusion-single-line-meta\"><span class=\"vcard\" style=\"display: none;\"><span class=\"fn\"><a href=\"https:\/\/rh.by.storhaye.com\/?author=1\" title=\"Articles par patrick\" rel=\"author\">patrick<\/a><\/span><\/span><span class=\"updated\" style=\"display:none;\">2022-11-21T14:17:31+01:00<\/span><span>juin 22nd, 2021<\/span><span class=\"fusion-inline-sep\">|<\/span><\/p><div class=\"fusion-content-sep sep-double sep-solid\"><\/div><div class=\"fusion-post-content-container\"><p>Conf\u00e9rence pour les 50 ans d\u2019Horoquartz \u00e0 Lyon<\/p>\n<\/div><\/div><\/div><div class=\"fusion-clearfix\"><\/div><\/div>\n<\/article>\n<\/div><h3 class=\"fusion-timeline-date\" style=\"background-color:#ebeaea;\">mars 2021<\/h3><div class=\"fusion-collapse-month\"><article id=\"blog-1-post-15410\" style=\"border-color:#ebeaea;\" class=\"fusion-post-timeline fusion-clearfix fusion-left-column post-15410 post type-post status-publish format-standard hentry category-conf\">\n<div class=\"fusion-post-wrapper\" style=\"background-color:rgba(255,255,255,0);\"><div class=\"fusion-post-content-wrapper\" style=\"padding:30px 25px 20px 25px;\"><div class=\"fusion-post-content post-content\"><div class=\"fusion-timeline-circle\" style=\"background-color:#ebeaea;\"><\/div><div class=\"fusion-timeline-arrow\" style=\"color:#ebeaea;\"><\/div><h2 class=\"blog-shortcode-post-title entry-title\">Digital, distance et management le combo infernal ou la solution miracle ?<\/h2><p class=\"fusion-single-line-meta\"><span class=\"vcard\" style=\"display: none;\"><span class=\"fn\"><a href=\"https:\/\/rh.by.storhaye.com\/?author=1\" title=\"Articles par patrick\" rel=\"author\">patrick<\/a><\/span><\/span><span class=\"updated\" style=\"display:none;\">2022-11-21T14:09:46+01:00<\/span><span>mars 24th, 2021<\/span><span class=\"fusion-inline-sep\">|<\/span><\/p><div class=\"fusion-content-sep sep-double sep-solid\"><\/div><div class=\"fusion-post-content-container\"><p>Conf\u00e9rence Live\u00a0 Solutions Ressources Humaines<\/p>\n<\/div><\/div><\/div><div class=\"fusion-clearfix\"><\/div><\/div>\n<\/article>\n<\/div><h3 class=\"fusion-timeline-date\" style=\"background-color:#ebeaea;\">d\u00e9cembre 2020<\/h3><div class=\"fusion-collapse-month\"><article id=\"blog-1-post-15407\" style=\"border-color:#ebeaea;\" class=\"fusion-post-timeline fusion-clearfix fusion-right-column post-15407 post type-post status-publish format-standard hentry category-conf\">\n<div class=\"fusion-post-wrapper\" style=\"background-color:rgba(255,255,255,0);\"><div class=\"fusion-post-content-wrapper\" style=\"padding:30px 25px 20px 25px;\"><div class=\"fusion-post-content post-content\"><div class=\"fusion-timeline-circle\" style=\"background-color:#ebeaea;\"><\/div><div class=\"fusion-timeline-arrow\" style=\"color:#ebeaea;\"><\/div><h2 class=\"blog-shortcode-post-title entry-title\">L&rsquo;externalisation RH<\/h2><p class=\"fusion-single-line-meta\"><span class=\"vcard\" style=\"display: none;\"><span class=\"fn\"><a href=\"https:\/\/rh.by.storhaye.com\/?author=1\" title=\"Articles par patrick\" rel=\"author\">patrick<\/a><\/span><\/span><span class=\"updated\" style=\"display:none;\">2022-11-21T14:09:10+01:00<\/span><span>d\u00e9cembre 8th, 2020<\/span><span class=\"fusion-inline-sep\">|<\/span><\/p><div class=\"fusion-content-sep sep-double sep-solid\"><\/div><div class=\"fusion-post-content-container\"><p>Webconf\u00e9rence sur l\u2019externalisation avec Cegid, PwC et Alth\u00e9a<\/p>\n<\/div><\/div><\/div><div class=\"fusion-clearfix\"><\/div><\/div>\n<\/article>\n<\/div><\/div><\/div><div class=\"fusion-infinite-scroll-trigger\"><\/div><div class=\"pagination infinite-scroll clearfix\" style=\"display:none;\"><span class=\"current\">1<\/span><a href=\"https:\/\/rh.by.storhaye.com\/index.php?rest_route=%2Fwp%2Fv2%2Fpages%2F13570&#038;paged=2\" class=\"inactive\">2<\/a><a class=\"pagination-next\" rel=\"next\" href=\"https:\/\/rh.by.storhaye.com\/index.php?rest_route=%2Fwp%2Fv2%2Fpages%2F13570&#038;paged=2\"><span class=\"page-text\">Suivant<\/span><span class=\"page-next\"><\/span><\/a><\/div><div class=\"fusion-clearfix\"><\/div><\/div><div class=\"fusion-clearfix\"><\/div><\/div><\/div><\/div><\/div>\n","protected":false},"excerpt":{"rendered":"","protected":false},"author":1,"featured_media":0,"parent":0,"menu_order":0,"comment_status":"closed","ping_status":"closed","template":"","meta":{"footnotes":""},"class_list":["post-13570","page","type-page","status-publish","hentry"],"yoast_head":"<!-- This site is optimized with the Yoast SEO plugin v27.2 - https:\/\/yoast.com\/product\/yoast-seo-wordpress\/ -->\n<title>Conf\u00e9rences - RH by Storhaye<\/title>\n<meta name=\"robots\" content=\"index, follow, max-snippet:-1, max-image-preview:large, max-video-preview:-1\" \/>\n<link rel=\"canonical\" href=\"https:\/\/rh.by.storhaye.com\/?page_id=13570\" \/>\n<meta property=\"og:locale\" content=\"fr_FR\" \/>\n<meta property=\"og:type\" content=\"article\" \/>\n<meta property=\"og:title\" content=\"Conf\u00e9rences - RH by Storhaye\" \/>\n<meta property=\"og:url\" content=\"https:\/\/rh.by.storhaye.com\/?page_id=13570\" \/>\n<meta property=\"og:site_name\" content=\"RH by Storhaye\" \/>\n<meta property=\"article:modified_time\" content=\"2016-11-08T09:12:40+00:00\" \/>\n<meta name=\"twitter:card\" content=\"summary_large_image\" \/>\n<meta name=\"twitter:label1\" content=\"Dur\u00e9e de lecture estim\u00e9e\" \/>\n\t<meta name=\"twitter:data1\" content=\"1 minute\" \/>\n<script type=\"application\/ld+json\" class=\"yoast-schema-graph\">{\"@context\":\"https:\/\/schema.org\",\"@graph\":[{\"@type\":\"WebPage\",\"@id\":\"https:\/\/rh.by.storhaye.com\/?page_id=13570\",\"url\":\"https:\/\/rh.by.storhaye.com\/?page_id=13570\",\"name\":\"Conf\u00e9rences - RH by Storhaye\",\"isPartOf\":{\"@id\":\"https:\/\/rh.by.storhaye.com\/#website\"},\"datePublished\":\"2015-11-24T14:24:04+00:00\",\"dateModified\":\"2016-11-08T09:12:40+00:00\",\"breadcrumb\":{\"@id\":\"https:\/\/rh.by.storhaye.com\/?page_id=13570#breadcrumb\"},\"inLanguage\":\"fr-FR\",\"potentialAction\":[{\"@type\":\"ReadAction\",\"target\":[\"https:\/\/rh.by.storhaye.com\/?page_id=13570\"]}]},{\"@type\":\"BreadcrumbList\",\"@id\":\"https:\/\/rh.by.storhaye.com\/?page_id=13570#breadcrumb\",\"itemListElement\":[{\"@type\":\"ListItem\",\"position\":1,\"name\":\"Accueil\",\"item\":\"https:\/\/rh.by.storhaye.com\/\"},{\"@type\":\"ListItem\",\"position\":2,\"name\":\"Conf\u00e9rences\"}]},{\"@type\":\"WebSite\",\"@id\":\"https:\/\/rh.by.storhaye.com\/#website\",\"url\":\"https:\/\/rh.by.storhaye.com\/\",\"name\":\"RH by Storhaye\",\"description\":\"Apprendre, Comprendre, Entreprendre\",\"publisher\":{\"@id\":\"https:\/\/rh.by.storhaye.com\/#organization\"},\"potentialAction\":[{\"@type\":\"SearchAction\",\"target\":{\"@type\":\"EntryPoint\",\"urlTemplate\":\"https:\/\/rh.by.storhaye.com\/?s={search_term_string}\"},\"query-input\":{\"@type\":\"PropertyValueSpecification\",\"valueRequired\":true,\"valueName\":\"search_term_string\"}}],\"inLanguage\":\"fr-FR\"},{\"@type\":\"Organization\",\"@id\":\"https:\/\/rh.by.storhaye.com\/#organization\",\"name\":\"RH by Storhaye\",\"url\":\"https:\/\/rh.by.storhaye.com\/\",\"logo\":{\"@type\":\"ImageObject\",\"inLanguage\":\"fr-FR\",\"@id\":\"https:\/\/rh.by.storhaye.com\/#\/schema\/logo\/image\/\",\"url\":\"https:\/\/rh.by.storhaye.com\/wp-content\/uploads\/2020\/03\/RHbyStorhayeMobile1.png\",\"contentUrl\":\"https:\/\/rh.by.storhaye.com\/wp-content\/uploads\/2020\/03\/RHbyStorhayeMobile1.png\",\"width\":200,\"height\":30,\"caption\":\"RH by Storhaye\"},\"image\":{\"@id\":\"https:\/\/rh.by.storhaye.com\/#\/schema\/logo\/image\/\"}}]}<\/script>\n<!-- \/ Yoast SEO plugin. -->","yoast_head_json":{"title":"Conf\u00e9rences - RH by Storhaye","robots":{"index":"index","follow":"follow","max-snippet":"max-snippet:-1","max-image-preview":"max-image-preview:large","max-video-preview":"max-video-preview:-1"},"canonical":"https:\/\/rh.by.storhaye.com\/?page_id=13570","og_locale":"fr_FR","og_type":"article","og_title":"Conf\u00e9rences - RH by Storhaye","og_url":"https:\/\/rh.by.storhaye.com\/?page_id=13570","og_site_name":"RH by Storhaye","article_modified_time":"2016-11-08T09:12:40+00:00","twitter_card":"summary_large_image","twitter_misc":{"Dur\u00e9e de lecture estim\u00e9e":"1 minute"},"schema":{"@context":"https:\/\/schema.org","@graph":[{"@type":"WebPage","@id":"https:\/\/rh.by.storhaye.com\/?page_id=13570","url":"https:\/\/rh.by.storhaye.com\/?page_id=13570","name":"Conf\u00e9rences - RH by Storhaye","isPartOf":{"@id":"https:\/\/rh.by.storhaye.com\/#website"},"datePublished":"2015-11-24T14:24:04+00:00","dateModified":"2016-11-08T09:12:40+00:00","breadcrumb":{"@id":"https:\/\/rh.by.storhaye.com\/?page_id=13570#breadcrumb"},"inLanguage":"fr-FR","potentialAction":[{"@type":"ReadAction","target":["https:\/\/rh.by.storhaye.com\/?page_id=13570"]}]},{"@type":"BreadcrumbList","@id":"https:\/\/rh.by.storhaye.com\/?page_id=13570#breadcrumb","itemListElement":[{"@type":"ListItem","position":1,"name":"Accueil","item":"https:\/\/rh.by.storhaye.com\/"},{"@type":"ListItem","position":2,"name":"Conf\u00e9rences"}]},{"@type":"WebSite","@id":"https:\/\/rh.by.storhaye.com\/#website","url":"https:\/\/rh.by.storhaye.com\/","name":"RH by Storhaye","description":"Apprendre, Comprendre, Entreprendre","publisher":{"@id":"https:\/\/rh.by.storhaye.com\/#organization"},"potentialAction":[{"@type":"SearchAction","target":{"@type":"EntryPoint","urlTemplate":"https:\/\/rh.by.storhaye.com\/?s={search_term_string}"},"query-input":{"@type":"PropertyValueSpecification","valueRequired":true,"valueName":"search_term_string"}}],"inLanguage":"fr-FR"},{"@type":"Organization","@id":"https:\/\/rh.by.storhaye.com\/#organization","name":"RH by Storhaye","url":"https:\/\/rh.by.storhaye.com\/","logo":{"@type":"ImageObject","inLanguage":"fr-FR","@id":"https:\/\/rh.by.storhaye.com\/#\/schema\/logo\/image\/","url":"https:\/\/rh.by.storhaye.com\/wp-content\/uploads\/2020\/03\/RHbyStorhayeMobile1.png","contentUrl":"https:\/\/rh.by.storhaye.com\/wp-content\/uploads\/2020\/03\/RHbyStorhayeMobile1.png","width":200,"height":30,"caption":"RH by Storhaye"},"image":{"@id":"https:\/\/rh.by.storhaye.com\/#\/schema\/logo\/image\/"}}]}},"_links":{"self":[{"href":"https:\/\/rh.by.storhaye.com\/index.php?rest_route=\/wp\/v2\/pages\/13570","targetHints":{"allow":["GET"]}}],"collection":[{"href":"https:\/\/rh.by.storhaye.com\/index.php?rest_route=\/wp\/v2\/pages"}],"about":[{"href":"https:\/\/rh.by.storhaye.com\/index.php?rest_route=\/wp\/v2\/types\/page"}],"author":[{"embeddable":true,"href":"https:\/\/rh.by.storhaye.com\/index.php?rest_route=\/wp\/v2\/users\/1"}],"replies":[{"embeddable":true,"href":"https:\/\/rh.by.storhaye.com\/index.php?rest_route=%2Fwp%2Fv2%2Fcomments&post=13570"}],"version-history":[{"count":0,"href":"https:\/\/rh.by.storhaye.com\/index.php?rest_route=\/wp\/v2\/pages\/13570\/revisions"}],"wp:attachment":[{"href":"https:\/\/rh.by.storhaye.com\/index.php?rest_route=%2Fwp%2Fv2%2Fmedia&parent=13570"}],"curies":[{"name":"wp","href":"https:\/\/api.w.org\/{rel}","templated":true}]}}